{"id":524,"date":"2013-10-12T13:57:23","date_gmt":"2013-10-12T13:57:23","guid":{"rendered":"http:\/\/localhost\/leaf\/wordpress\/?page_id=524"},"modified":"2020-05-07T12:05:54","modified_gmt":"2020-05-07T10:05:54","slug":"home","status":"publish","type":"page","link":"https:\/\/uter-utrius.hr\/","title":{"rendered":"Naslovna"},"content":{"rendered":"<div class=\"cols\">\n<div class=\"col-4\">\n<div class=\"block block-service\"><div class=\"block-icon\"><i class=\"icon-globe\"><\/i><\/div><div class=\"block-content\"><h3>Prijevoz volumenske robe<\/h3><p>Uz klasi\u010dan prijevoz paletizirane robe od 1-33 palete koji vr\u0161imo sa na\u0161im vozilima, vr\u0161imo i prijevoz volumenske robe. Sva na\u0161a vozila su maksimalne visine tovarnog prostora, kao i du\u017eine, te svojim kupcima nudimo \u00a0prijevoz volumenske robe visine do 3 metra, \u010dime je iskoristivost vozila svedena na maksimum, uz povoljne cijene prijevoza kako na tuzemnom tako i na me\u0111unarodnom tr\u017ei\u0161tu.<\/p><a target=\"_self\" class=\"button \" href=\"https:\/\/uter-utrius.hr\/?page_id=447\">Kontaktirajte nas<\/a><\/div><\/div>\n<\/div>\n<div class=\"col-4\">\n<div class=\"block block-service\"><div class=\"block-icon\"><i class=\"icon-gears\"><\/i><\/div><div class=\"block-content\"><h3>Zbirni prijevoz \/ part loads<\/h3><p>Jedna od na\u0161ih specijalnosti je prikup zbirnih po\u0161iljaka, sa \u010dime smo osobito aktivni na Ma\u0111arskom tr\u017ei\u0161tu. Svaki dan se nalazimo u svim ve\u0107im gradovima susjedna nam zemlje; Budimpe\u0161ti \u2013 Gyoru &#8211; Kecskemetu, te vr\u0161imo prikup po\u0161iljaka prema Hrvatskoj. Jednako tako i u Hrvatskoj vr\u0161imo prikup robe prema \u00a0Ma\u0111arskoj, u rasponu od 2kg (express po\u0161iljke) do 24 tone (FTL), a sve na\u0161e dostave su unutar 24-36 sata.<\/p><a target=\"_self\" class=\"button \" href=\"https:\/\/uter-utrius.hr\/?page_id=447\">Kontaktirajte nas<\/a><\/div><\/div>\n<\/div>\n<div class=\"col-4\">\n<div class=\"block block-service\"><div class=\"block-icon\"><i class=\"icon-puzzle-piece\"><\/i><\/div><div class=\"block-content\"><h3>Posredovanje u prijevozu<\/h3><p>Potreban Vam je prijevoz izvan na\u0161e domene? Potreban Vam je brod, kontejner, avion? Potreban Vam je prijevoz vise\u0107e konfekcije? Javite nam se, imamo odli\u010dnu suradnju sa vode\u0107im svjetskim \u00a0logisti\u010dkim tvrtkama, i ni\u0161ta nije neizvedivo.<\/p><a target=\"_self\" class=\"button \" href=\"https:\/\/uter-utrius.hr\/?page_id=447\">Kontaktirajte nas<\/a><\/div><\/div>\n<\/div>\n<\/div>\n<p>&nbsp;<\/p>\n<div class=\"cols\">\n<div class=\"col-6\">\n<div class=\"heading-block \">\n<h4>Na\u0161e relacije:<\/h4>\n<\/div>\n<div class=\"block block-service\"><div class=\"block-icon\"><i class=\"icon-random\"><\/i><\/div><div class=\"block-content\"><h3> <\/h3><p><\/p>\n<p>Svakodnevno se nalazimo na slijede\u0107im relacijama:<\/p>\n<p><strong>Zagreb &#8211; Budimpe\u0161ta &#8211; Zagreb<\/strong><\/p>\n<p><strong>Zagreb &#8211; Gyor &#8211; Zagreb<\/strong><\/p>\n<p><strong>Vara\u017edin &#8211; Zagreb &#8211; Vara\u017edin<\/strong><\/p>\n<p><strong>Vara\u017edin &#8211; Osijek &#8211; Vara\u017edin<\/strong><\/p>\n<p><strong>Hrvatska &#8211; zemlje EU &#8211; Hrvatska<\/strong><\/p>\n<p><\/p><a target=\"_self\" class=\"button \" href=\"https:\/\/uter-utrius.hr\/?page_id=447\">Saznajte vi\u0161e<\/a><\/div><\/div><\/div>\n<div class=\"col-6\">\n<div class=\"heading-block \">\n<h4>Gdje smo<\/h4>\n<\/div>\n<p><div class=\"contact-block  clearfix\">\n            <div class=\"google_map\">\n              <div class=\"responsive-image\">\n                <iframe loading=\"lazy\" src=\"https:\/\/www.google.com\/maps\/embed?pb=!1m18!1m12!1m3!1d2763.250601102294!2d16.331090404700305!3d46.165666975518405!2m3!1f0!2f0!3f0!3m2!1i1024!2i768!4f13.1!3m3!1m2!1s0x4766069247e31561%3A0x70c3fc2191a13977!2sUl.%20Dragutina%20Domjani%C4%87a%206%2C%2042220%2C%20Novi%20Marof!5e0!3m2!1shr!2shr!4v1588845825840!5m2!1shr!2shr\" width=\"280\" height=\"365\" frameborder=\"0\" style=\"border:0;\" allowfullscreen=\"\" aria-hidden=\"false\" tabindex=\"0\"><\/iframe>\n              <\/div>\n            <\/div>\n            <div class=\"contact-info\">\n              <div class=\"inner-content\">\n                <h5>Na\u0161 ured<\/h5>\n                <p><\/p>\n<p>Dragutina Domjani\u0107a 1<br \/>\nHR-42220 Novi Marof<br \/>\ninfo@uter-utrius.hr<br \/>\nTel.\/Fax: +385 42 611 099<br \/>\nMob: +385 99 201 63 63<\/p>\n<p><\/p>\n                <a class=\"button color\" target=\"_self\" href=\"\">Posjetite nas <i class=\"icon-plane\"><\/i><\/a>\n              <\/div>\n            <\/div>\n            <div class=\"images-background\">\n              <img decoding=\"async\" alt=\"\" src=\"https:\/\/uter-utrius.hr\/wp-content\/uploads\/2020\/05\/geolocation-pin.png\">\n            <\/div>\n          <\/div>\n<\/div>\n<\/div>\n<div class=\"heading-block \">\n<h4>Na\u0161i partneri:<\/h4>\n<\/div>\n<div class=\"block block-service\"><div class=\"block-icon\"><i class=\"icon-group\"><\/i><\/div><div class=\"block-content\"><h3> <\/h3><p>\n<p>Izme\u0111u ostalih, izdvajamo na\u0161e stalne klijente i partnere:<\/p>\n<p style=\"text-align: left;\"><a href=\"http:\/\/www.timocom.com.hr\/\"><img loading=\"lazy\" decoding=\"async\" class=\"alignnone size-full wp-image-953\" src=\"https:\/\/uter-utrius.hr\/wp-content\/uploads\/2013\/10\/tC.jpg\" alt=\"tC\" width=\"242\" height=\"65\" \/><\/a><a href=\"http:\/\/www.kn-portal.com\/locations\/europe\/croatia\/\"><img loading=\"lazy\" decoding=\"async\" class=\"alignnone size-full wp-image-951\" src=\"https:\/\/uter-utrius.hr\/wp-content\/uploads\/2013\/10\/KN.jpg\" alt=\"KN\" width=\"242\" height=\"65\" \/><\/a><a href=\"http:\/\/www.dbschenker.hr\/log-hr-hr\/start\/\"><img loading=\"lazy\" decoding=\"async\" class=\"alignnone size-full wp-image-952\" src=\"https:\/\/uter-utrius.hr\/wp-content\/uploads\/2013\/10\/schenker.jpg\" alt=\"schenker\" width=\"274\" height=\"65\" \/><\/a><\/p>\n<p style=\"text-align: left;\"><a href=\"http:\/\/www.gw-world.hr\/hr\/pocetna_stranica.aspx\"><img loading=\"lazy\" decoding=\"async\" class=\"alignnone size-medium wp-image-947\" src=\"https:\/\/uter-utrius.hr\/wp-content\/uploads\/2013\/10\/gw-300x64.jpg\" alt=\"gw\" width=\"300\" height=\"64\" srcset=\"https:\/\/uter-utrius.hr\/wp-content\/uploads\/2013\/10\/gw-300x64.jpg 300w, https:\/\/uter-utrius.hr\/wp-content\/uploads\/2013\/10\/gw.jpg 301w\" sizes=\"auto, (max-width: 300px) 100vw, 300px\" \/><\/a><a href=\"http:\/\/www.knaufinsulation.hr\/\"><img loading=\"lazy\" decoding=\"async\" class=\"alignnone size-full wp-image-950\" style=\"line-height: 1.5em;\" src=\"https:\/\/uter-utrius.hr\/wp-content\/uploads\/2013\/10\/KI.jpg\" alt=\"KI\" width=\"242\" height=\"65\" \/><\/a><a href=\"http:\/\/www.hajduk-plastika.hr\/\"><img loading=\"lazy\" decoding=\"async\" class=\"alignnone size-full wp-image-948\" style=\"line-height: 1.5em;\" src=\"https:\/\/uter-utrius.hr\/wp-content\/uploads\/2013\/10\/hajduk.jpg\" alt=\"hajduk\" width=\"237\" height=\"65\" \/><\/a><\/p>\n<p><a href=\"http:\/\/www.elektro-bosilj.hr\/wp\/\"><img loading=\"lazy\" decoding=\"async\" class=\"size-medium wp-image-946 alignnone alignleft\" style=\"line-height: 1.5em;\" src=\"https:\/\/uter-utrius.hr\/wp-content\/uploads\/2013\/10\/EB-300x64.jpg\" alt=\"EB\" width=\"300\" height=\"64\" srcset=\"https:\/\/uter-utrius.hr\/wp-content\/uploads\/2013\/10\/EB-300x64.jpg 300w, https:\/\/uter-utrius.hr\/wp-content\/uploads\/2013\/10\/EB.jpg 301w\" sizes=\"auto, (max-width: 300px) 100vw, 300px\" \/><\/a><a href=\"http:\/\/dobrestvari.hr\/\"><img loading=\"lazy\" decoding=\"async\" class=\"alignleft size-full wp-image-945\" src=\"https:\/\/uter-utrius.hr\/wp-content\/uploads\/2013\/10\/ds.jpg\" alt=\"ds\" width=\"106\" height=\"65\" \/><\/a><a href=\"http:\/\/www.jeklotehna-ting.hr\/o_nama.htm\"><img loading=\"lazy\" decoding=\"async\" class=\"alignleft size-full wp-image-949\" src=\"https:\/\/uter-utrius.hr\/wp-content\/uploads\/2013\/10\/JK.jpg\" alt=\"JK\" width=\"189\" height=\"65\" \/><\/a><a href=\"http:\/\/www.cedar-agro.hr\/\"><img loading=\"lazy\" decoding=\"async\" class=\"size-full wp-image-944 alignleft\" src=\"https:\/\/uter-utrius.hr\/wp-content\/uploads\/2013\/10\/ca.jpg\" alt=\"ca\" width=\"150\" height=\"65\" \/><\/a><\/p>\n<p>&nbsp;<\/p>\n<p>&nbsp;<\/p>\n<p><span style=\"line-height: 1.5em;\"><\/p><a target=\"_self\" class=\"button \" href=\"https:\/\/uter-utrius.hr\/?page_id=447\">Postanite partner<\/a><\/div><\/div><\/span><\/p>\n<p><span style=\"line-height: 1.5em;\"><\/p>\n<div class=\"callout  top-30 clearfix strip\">\n<div class=\"callout-content clearfix\">\n<div class=\"info\">\n<h4>Tra\u017eite mjesto za najbolji izlazak u Va\u0161em gradu?<\/h4>\n<p>Krenite od lokacije koja zna sve tajne dobre zabave i gdje po\u010dinju nezaboravni izlasci&#8230;<\/p>\n<\/div>\n<div class=\"action\"><a href=\"http:\/\/www.provod.hr\" target=\"_self\" class=\"button color\">provod.hr<\/a><\/div>\n<\/div>\n<\/div>\n<p><\/span><\/p>\n<p>&nbsp;<\/p>\n","protected":false},"excerpt":{"rendered":"<p>&nbsp; Na\u0161e relacije: Gdje smo Na\u0161i partneri: Tra\u017eite mjesto za najbolji izlazak u Va\u0161em gradu? Krenite od lokacije koja zna sve tajne dobre zabave i gdje po\u010dinju nezaboravni izlasci&#8230; provod.hr&#8230;<\/p>\n","protected":false},"author":1,"featured_media":0,"parent":0,"menu_order":0,"comment_status":"closed","ping_status":"closed","template":"","meta":{"footnotes":""},"class_list":["post-524","page","type-page","status-publish","hentry"],"yoast_head":"<!-- This site is optimized with the Yoast SEO plugin v27.5 - https:\/\/yoast.com\/product\/yoast-seo-wordpress\/ -->\n<title>Naslovna - Uter Utrius d.o.o.<\/title>\n<meta name=\"robots\" content=\"index, follow, max-snippet:-1, max-image-preview:large, max-video-preview:-1\" \/>\n<link rel=\"canonical\" href=\"https:\/\/uter-utrius.hr\/\" \/>\n<meta property=\"og:locale\" content=\"en_US\" \/>\n<meta property=\"og:type\" content=\"article\" \/>\n<meta property=\"og:title\" content=\"Naslovna - Uter Utrius d.o.o.\" \/>\n<meta property=\"og:description\" content=\"&nbsp; Na\u0161e relacije: Gdje smo Na\u0161i partneri: Tra\u017eite mjesto za najbolji izlazak u Va\u0161em gradu? Krenite od lokacije koja zna sve tajne dobre zabave i gdje po\u010dinju nezaboravni izlasci&#8230; provod.hr...\" \/>\n<meta property=\"og:url\" content=\"https:\/\/uter-utrius.hr\/\" \/>\n<meta property=\"og:site_name\" content=\"Uter Utrius d.o.o.\" \/>\n<meta property=\"article:modified_time\" content=\"2020-05-07T10:05:54+00:00\" \/>\n<meta property=\"og:image\" content=\"https:\/\/uter-utrius.hr\/wp-content\/uploads\/2013\/10\/tC.jpg\" \/>\n<meta name=\"twitter:label1\" content=\"Est. reading time\" \/>\n\t<meta name=\"twitter:data1\" content=\"2 minutes\" \/>\n<script type=\"application\/ld+json\" class=\"yoast-schema-graph\">{\"@context\":\"https:\\\/\\\/schema.org\",\"@graph\":[{\"@type\":\"WebPage\",\"@id\":\"https:\\\/\\\/uter-utrius.hr\\\/\",\"url\":\"https:\\\/\\\/uter-utrius.hr\\\/\",\"name\":\"Naslovna - Uter Utrius d.o.o.\",\"isPartOf\":{\"@id\":\"https:\\\/\\\/uter-utrius.hr\\\/#website\"},\"primaryImageOfPage\":{\"@id\":\"https:\\\/\\\/uter-utrius.hr\\\/#primaryimage\"},\"image\":{\"@id\":\"https:\\\/\\\/uter-utrius.hr\\\/#primaryimage\"},\"thumbnailUrl\":\"https:\\\/\\\/uter-utrius.hr\\\/wp-content\\\/uploads\\\/2013\\\/10\\\/tC.jpg\",\"datePublished\":\"2013-10-12T13:57:23+00:00\",\"dateModified\":\"2020-05-07T10:05:54+00:00\",\"breadcrumb\":{\"@id\":\"https:\\\/\\\/uter-utrius.hr\\\/#breadcrumb\"},\"inLanguage\":\"en-US\",\"potentialAction\":[{\"@type\":\"ReadAction\",\"target\":[\"https:\\\/\\\/uter-utrius.hr\\\/\"]}]},{\"@type\":\"ImageObject\",\"inLanguage\":\"en-US\",\"@id\":\"https:\\\/\\\/uter-utrius.hr\\\/#primaryimage\",\"url\":\"https:\\\/\\\/uter-utrius.hr\\\/wp-content\\\/uploads\\\/2013\\\/10\\\/tC.jpg\",\"contentUrl\":\"https:\\\/\\\/uter-utrius.hr\\\/wp-content\\\/uploads\\\/2013\\\/10\\\/tC.jpg\",\"width\":242,\"height\":65},{\"@type\":\"BreadcrumbList\",\"@id\":\"https:\\\/\\\/uter-utrius.hr\\\/#breadcrumb\",\"itemListElement\":[{\"@type\":\"ListItem\",\"position\":1,\"name\":\"Po\u010detna stranica\",\"item\":\"https:\\\/\\\/uter-utrius.hr\\\/\"},{\"@type\":\"ListItem\",\"position\":2,\"name\":\"Naslovna\"}]},{\"@type\":\"WebSite\",\"@id\":\"https:\\\/\\\/uter-utrius.hr\\\/#website\",\"url\":\"https:\\\/\\\/uter-utrius.hr\\\/\",\"name\":\"Uter Utrius d.o.o.\",\"description\":\"Posredni\u0161tvo u prijevozu i trgovini\",\"potentialAction\":[{\"@type\":\"SearchAction\",\"target\":{\"@type\":\"EntryPoint\",\"urlTemplate\":\"https:\\\/\\\/uter-utrius.hr\\\/?s={search_term_string}\"},\"query-input\":{\"@type\":\"PropertyValueSpecification\",\"valueRequired\":true,\"valueName\":\"search_term_string\"}}],\"inLanguage\":\"en-US\"}]}<\/script>\n<!-- \/ Yoast SEO plugin. -->","yoast_head_json":{"title":"Naslovna - Uter Utrius d.o.o.","robots":{"index":"index","follow":"follow","max-snippet":"max-snippet:-1","max-image-preview":"max-image-preview:large","max-video-preview":"max-video-preview:-1"},"canonical":"https:\/\/uter-utrius.hr\/","og_locale":"en_US","og_type":"article","og_title":"Naslovna - Uter Utrius d.o.o.","og_description":"&nbsp; Na\u0161e relacije: Gdje smo Na\u0161i partneri: Tra\u017eite mjesto za najbolji izlazak u Va\u0161em gradu? Krenite od lokacije koja zna sve tajne dobre zabave i gdje po\u010dinju nezaboravni izlasci&#8230; provod.hr...","og_url":"https:\/\/uter-utrius.hr\/","og_site_name":"Uter Utrius d.o.o.","article_modified_time":"2020-05-07T10:05:54+00:00","og_image":[{"url":"https:\/\/uter-utrius.hr\/wp-content\/uploads\/2013\/10\/tC.jpg","type":"","width":"","height":""}],"twitter_misc":{"Est. reading time":"2 minutes"},"schema":{"@context":"https:\/\/schema.org","@graph":[{"@type":"WebPage","@id":"https:\/\/uter-utrius.hr\/","url":"https:\/\/uter-utrius.hr\/","name":"Naslovna - Uter Utrius d.o.o.","isPartOf":{"@id":"https:\/\/uter-utrius.hr\/#website"},"primaryImageOfPage":{"@id":"https:\/\/uter-utrius.hr\/#primaryimage"},"image":{"@id":"https:\/\/uter-utrius.hr\/#primaryimage"},"thumbnailUrl":"https:\/\/uter-utrius.hr\/wp-content\/uploads\/2013\/10\/tC.jpg","datePublished":"2013-10-12T13:57:23+00:00","dateModified":"2020-05-07T10:05:54+00:00","breadcrumb":{"@id":"https:\/\/uter-utrius.hr\/#breadcrumb"},"inLanguage":"en-US","potentialAction":[{"@type":"ReadAction","target":["https:\/\/uter-utrius.hr\/"]}]},{"@type":"ImageObject","inLanguage":"en-US","@id":"https:\/\/uter-utrius.hr\/#primaryimage","url":"https:\/\/uter-utrius.hr\/wp-content\/uploads\/2013\/10\/tC.jpg","contentUrl":"https:\/\/uter-utrius.hr\/wp-content\/uploads\/2013\/10\/tC.jpg","width":242,"height":65},{"@type":"BreadcrumbList","@id":"https:\/\/uter-utrius.hr\/#breadcrumb","itemListElement":[{"@type":"ListItem","position":1,"name":"Po\u010detna stranica","item":"https:\/\/uter-utrius.hr\/"},{"@type":"ListItem","position":2,"name":"Naslovna"}]},{"@type":"WebSite","@id":"https:\/\/uter-utrius.hr\/#website","url":"https:\/\/uter-utrius.hr\/","name":"Uter Utrius d.o.o.","description":"Posredni\u0161tvo u prijevozu i trgovini","potentialAction":[{"@type":"SearchAction","target":{"@type":"EntryPoint","urlTemplate":"https:\/\/uter-utrius.hr\/?s={search_term_string}"},"query-input":{"@type":"PropertyValueSpecification","valueRequired":true,"valueName":"search_term_string"}}],"inLanguage":"en-US"}]}},"_links":{"self":[{"href":"https:\/\/uter-utrius.hr\/index.php?rest_route=\/wp\/v2\/pages\/524","targetHints":{"allow":["GET"]}}],"collection":[{"href":"https:\/\/uter-utrius.hr\/index.php?rest_route=\/wp\/v2\/pages"}],"about":[{"href":"https:\/\/uter-utrius.hr\/index.php?rest_route=\/wp\/v2\/types\/page"}],"author":[{"embeddable":true,"href":"https:\/\/uter-utrius.hr\/index.php?rest_route=\/wp\/v2\/users\/1"}],"replies":[{"embeddable":true,"href":"https:\/\/uter-utrius.hr\/index.php?rest_route=%2Fwp%2Fv2%2Fcomments&post=524"}],"version-history":[{"count":56,"href":"https:\/\/uter-utrius.hr\/index.php?rest_route=\/wp\/v2\/pages\/524\/revisions"}],"predecessor-version":[{"id":1058,"href":"https:\/\/uter-utrius.hr\/index.php?rest_route=\/wp\/v2\/pages\/524\/revisions\/1058"}],"wp:attachment":[{"href":"https:\/\/uter-utrius.hr\/index.php?rest_route=%2Fwp%2Fv2%2Fmedia&parent=524"}],"curies":[{"name":"wp","href":"https:\/\/api.w.org\/{rel}","templated":true}]}}