{"id":497,"date":"2013-10-12T11:34:55","date_gmt":"2013-10-12T11:34:55","guid":{"rendered":"http:\/\/localhost\/leaf\/wordpress\/?page_id=497"},"modified":"2021-01-18T17:44:34","modified_gmt":"2021-01-18T16:44:34","slug":"about-us","status":"publish","type":"page","link":"https:\/\/uter-utrius.hr\/?page_id=497","title":{"rendered":"O nama"},"content":{"rendered":"<div class=\"cols\">\n<div class=\"col-9\">\n[tp not_in=&#8221;hu&#8221;]<\/p>\n<h4>Tko smo ?<\/h4>\n<p>[\/tp]<br \/>\n[tp not_in=&#8221;hr&#8221; tp lang=&#8221;hu&#8221; only=&#8221;y&#8221;]<\/p>\n<h4>Kik vagyunk?<\/h4>\n<p>[\/tp]<br \/>\n[tp not_in=&#8221;hu&#8221;]<br \/>\nUter Utrius je relativno mlada tvrtka koja je po\u010dela sa radom u sije\u010dnju 2009. godine, te spojem vi\u0161egodi\u0161njeg iskustva u me\u0111unarodnom prometu i\u00a0 \u017eeljom za napretkom, ne silovitim, nego postepenim i kvalitetnijim, vr\u0161imo usluge prijevoza tereta kao i posredovanja u prijevozu, kako na tuzemnom, tako i na me\u0111unarodnom terenu.<\/p>\n<p>Tijekom godina smo uspjeli okupiti ekipu samostalnih prijevoznika koja je u konstantnom rastu, te vrlo uspje\u0161no rje\u0161avamo sve narud\u017ebe od strane na\u0161ih kupaca.<\/p>\n<p>Svaki upit obra\u0111ujemo sa maksimalnom predano\u0161\u0107u u namjeri da klijentu ponudimo najpovoljniju, a ujedno i najkvalitetniju varijantu s ciljem opravdanja povjerenja u nas i ostvarivanja dugoro\u010dnih suradnji.<br \/>\n[\/tp]<br \/>\n[tp not_in=&#8221;hr&#8221; tp lang=&#8221;hu&#8221; only=&#8221;y&#8221;]<br \/>\nAz Uter Utrius egy viszonylag fiatal c\u00e9g, amely 2009 janu\u00e1rj\u00e1ban kezdte meg a m\u0171k\u00f6d\u00e9s\u00e9t. A nemzetk\u00f6zi forgalomban szerzett sok\u00e9ves tapasztalattal majd fokozatos \u00e9s min\u0151s\u00e9gi halad\u00e1s v\u00e1gy\u00e1val ny\u00fajtunk \u00e1rufuvaroz\u00e1si szolg\u00e1ltat\u00e1sokat, valamint k\u00f6zvet\u00edt\u00fcnk a k\u00f6zleked\u00e9sben belf\u00f6ld\u00f6n \u00e9s a nemzetk\u00f6zi szinten egyar\u00e1nt.<\/p>\n<p>Az \u00e9vek sor\u00e1n mi siker\u00fclt \u00f6sszegy\u0171jten\u00fcnk egy folyamatosan n\u00f6vekv\u0151 f\u00fcggetlen fuvaroz\u00f3kb\u00f3l \u00e1ll\u00f3 csapatot majd nagyon sikeresen oldjuk meg az \u00fcgyfeleink \u00f6sszes megrendel\u00e9s\u00e9t.<\/p>\n<p>Minden \u00e9rdekl\u0151d\u00e9s maxim\u00e1lis odaad\u00e1ssal dolgozunk fel annak \u00e9rdek\u00e9ben, hogy az \u00fcgyf\u00e9lnek a legkedvez\u0151bb \u00e9s egy\u00fattal a legjobb min\u0151s\u00e9g\u0171 v\u00e1ltozatot k\u00edn\u00e1ljuk azzal a c\u00e9llal, hogy az \u00fcgyf\u00e9lnek bizalm\u00e1t igazoljuk \u00e9s a hossz\u00fa t\u00e1v\u00fa egy\u00fcttm\u0171k\u00f6d\u00e9st el\u00e9rj\u00fck.<br \/>\n[\/tp]\n<\/p><\/div>\n<div class=\"col-3\">\n<div class=\"callout   clearfix \">\n<div class=\"callout-content clearfix\">\n<div class=\"info\">\n<h4>Ostvarite suradnju<\/h4>\n<p>\nCilj Vam je biti dio sposobnog, dinami\u010dkog i kvalitetnog tima? Smatrate da mo\u017eete unaprijediti vlastito i na\u0161e poslovanje na uzajamnu korist? Otvoreni smo za sve prijedloge.\n<\/p>\n<\/div>\n<div class=\"action\"><a href=\"#\" target=\"_self\" class=\"button color\">Kontaktirajte nas<\/a><\/div>\n<\/div>\n<\/div>\n<\/div>\n<\/div>\n<div class=\"cols\">\n<div class=\"col-6\">\n<h4 class=\"top-20\">\u0160to radimo?<\/h4>\n<div class=\"accordion\">\n<h4 class=\"title\"><a href=\"#C4Uk6BmG\" class=\"\">Na\u0161a misija<\/a><\/h4>\n<div id=\"C4Uk6BmG\" class=\"inner\">Na\u0161a misija je va\u0161 teret brzo, pouzdano, i efikasno prevesti od to\u010dke A do to\u010dke B, uz minimalne tro\u0161kove i povoljne cijene prijevoza. Profesionalnost na vrlo visokom nivou garantira vrhunsku uslugu.<\/div>\n<h4 class=\"title\"><a href=\"#zjPWdPqj\" class=\"\">Reference<\/a><\/h4>\n<div id=\"zjPWdPqj\" class=\"inner\">Knauf Insulation (tvrtka iz segmenta graditeljstva, ponosno obavljamo dostavu izolacijskog materijala od \u00a02010. godine do danas), Hajduk Plasti\u010dna ambala\u017ea (segment proizvodnje plasti\u010dne ambala\u017ee u prehrani), Cedar Agro (jedna od vode\u0107ih regionalnih tvrtki na podru\u010dju poljoprivrednih apoteka), Elektro-Bosilj (Hrvatski broj jedan u proizvodnji i distribuciji zvona, konstrukcija i toranjskih satova), Jeklotehna-ting (najpoznatiji regionalni lanac \u017eeljezarija)\u2026<\/div>\n<h4 class=\"title\"><a href=\"#fOQhkxtO\" class=\"\">Na\u0161 pristup<\/a><\/h4>\n<div id=\"fOQhkxtO\" class=\"inner\">Strogo profesionalan odnos prema na\u0161im kupcima, brza dostava tereta uz naznaku da je sav teret kod nas osiguran u vrijednosti \u00a0od 50 000 \u20ac do 200 000 \u20ac (CMR polica osiguranja tereta plus \u0161peditersko osiguranje). Za visoko vrijedan teret \u00a0koji prelazi 200 000 \u20ac u suradnji sa osiguravaju\u0107om ku\u0107om \u00a0osiguravamo teret po prijevozu.<\/div>\n<h4 class=\"title\"><a href=\"#2BPyElTt\" class=\"\">Nudimo rje\u0161enja<\/a><\/h4>\n<div id=\"2BPyElTt\" class=\"inner\">Vrhunska povezanost sa na\u0161im prijevoznicima daje nam mogu\u0107nost da je sa prvim trenutkom va\u0161eg poziva i naru\u010divanja prijevoza na\u0161a ekipa ve\u0107 u stanju pripravnosti za utovar.<\/div>\n<h4 class=\"title\"><a href=\"#hc3j4JmY\" class=\"\">Dostupnost tvrtke<\/a><\/h4>\n<div id=\"hc3j4JmY\" class=\"inner\">[tp not_in=&#8221;hu&#8221;]Obzirom na specifi\u010dnost posla u prijevozu tereta, mi kao tvrtka smo dostupni svojim klijentima 24 sata na dan, 7 dana u tjednu. Provjerite\u2026[\/tp]<br \/>\n[tp not_in=&#8221;hr&#8221; tp lang=&#8221;hu&#8221; only=&#8221;y&#8221;]Az \u00e1rusz\u00e1ll\u00edt\u00e1ssal kapcsolatos munka saj\u00e1toss\u00e1gai miatt a mi c\u00e9g\u00fcnk el\u00e9rhet\u0151 a h\u00e9t minden napj\u00e1n \u00e9s a nap 24 \u00f3r\u00e1j\u00e1ban az \u00fcgyfeleink sz\u00e1m\u00e1ra. Ellen\u0151rizze&#8230;[\/tp]<\/div>\n<\/div>\n<\/div>\n<div class=\"col-6\">\n<h4 class=\"top-20\">Na\u0161a podru\u010dja<\/h4>\n<p><span class=\"skill-title\">Kompletni utovari<\/span><div class=\"skill-bar\"><div style=\"width: 100%;\" class=\"skill-bar-content\" data-percentage=\"100\">100%<\/div><\/div><span class=\"skill-title\">Zbirni prijevozi<\/span><div class=\"skill-bar\"><div style=\"width: 100%;\" class=\"skill-bar-content\" data-percentage=\"100\">100%<\/div><\/div><span class=\"skill-title\">Zemlje: HU-DE-CZ<\/span><div class=\"skill-bar\"><div style=\"width: 95%;\" class=\"skill-bar-content\" data-percentage=\"95\">95%<\/div><\/div><span class=\"skill-title\">Zemlje: CH-SI-SK-AT<\/span><div class=\"skill-bar\"><div style=\"width: 95%;\" class=\"skill-bar-content\" data-percentage=\"95\">95%<\/div><\/div>\n<\/p><\/div>\n<\/div>\n<h4 class=\"bot-20\">Upoznajte tim<\/h4>\n<div class=\"cols\">\n<div class=\"col-4\">\n<div class=\"user\">\n            <div class=\"user-image\">\n              <img decoding=\"async\" alt=\"Vladimir Hrkovi\u0107\" src=\"https:\/\/uter-utrius.hr\/wp-content\/uploads\/2014\/02\/t-02.jpg\">\n            <\/div>\n            <div class=\"user-info\">\n              <h4>Vladimir Hrkovi\u0107<\/h4>\n              <span class=\"pos\">direktor<\/span>\n              <div class=\"user-social-profile\">\n                <a href=\"mailto:vlado@uter-utrius.hr\"><i class=\"icon-likedin\"><\/i><\/a>\n              <\/div>\n              <p><\/p>\n<p>e-mail:<br \/>\nvlado@uter-utrius.hr<br \/>\nMob: 00385 99 201 63 63<br \/>\nTel.\/Fax: 00385 42 611 099<br \/>\nHR &#8211; 42220 Novi Marof<br \/>\nDragutina Domjani\u0107a 6<\/p>\n            <\/div>\n          <\/div><\/p>\n<\/div>\n<div class=\"col-4\">\n<div class=\"user\">\n            <div class=\"user-image\">\n              <img decoding=\"async\" alt=\"Marija Dro\u017e\u0111ek\" src=\"https:\/\/uter-utrius.hr\/wp-content\/uploads\/2014\/02\/t-01.jpg\">\n            <\/div>\n            <div class=\"user-info\">\n              <h4>Marija Dro\u017e\u0111ek<\/h4>\n              <span class=\"pos\">ra\u010dunovodstvo i financije<\/span>\n              <div class=\"user-social-profile\">\n                <a href=\"#\"><i class=\"icon-likedin\"><\/i><\/a>\n              <\/div>\n              <p><\/p>\n<p>e-mail:<br \/>\nracunovodstvo@uter-utrius.hr<br \/>\nmob: 00385 91 401 63 61<br \/>\ntel\/fax: 00385 42 611 099<br \/>\nHR &#8211; 42220 Novi Marof<br \/>\nDragutina Domjani\u0107a 6<\/p>\n            <\/div>\n          <\/div><\/p>\n<\/div>\n<div class=\"col-4\">\n<div class=\"user\">\n            <div class=\"user-image\">\n              <img decoding=\"async\" alt=\"Ru\u017eica Rabuzin\" src=\"https:\/\/uter-utrius.hr\/wp-content\/uploads\/2014\/02\/t-01.jpg\">\n            <\/div>\n            <div class=\"user-info\">\n              <h4>Ru\u017eica Rabuzin<\/h4>\n              <span class=\"pos\">ra\u010dunovodstvo i financije<\/span>\n              <div class=\"user-social-profile\">\n                <a href=\"#\"><i class=\"icon-likedin\"><\/i><\/a>\n              <\/div>\n              <p><\/p>\n<p>e-mail:<br \/>\ninfo2@uter-utrius.hr<br \/>\nmob: 00385 91 113 06 66<br \/>\ntel\/fax: 00385 42 611 099<br \/>\nHR &#8211; 42220 Novi Marof<br \/>\nDragutina Domjani\u0107a 6<\/p>\n            <\/div>\n          <\/div><\/p>\n<\/div>\n<div class=\"col-4\">\n<div class=\"user\">\n            <div class=\"user-image\">\n              <img decoding=\"async\" alt=\"Sanja Ku\u010dek\" src=\"https:\/\/uter-utrius.hr\/wp-content\/uploads\/2014\/02\/t-01.jpg\">\n            <\/div>\n            <div class=\"user-info\">\n              <h4>Sanja Ku\u010dek<\/h4>\n              <span class=\"pos\">Logistika i transport<\/span>\n              <div class=\"user-social-profile\">\n                <a href=\"#\"><i class=\"icon-likedin\"><\/i><\/a>\n              <\/div>\n              <p><\/p>\n<p>e-mail:<br \/>\nsanja@uter-utrius.hr<br \/>\nmob: 00385 91 201 63 63<br \/>\ntel\/fax: 00385 42 611 099<br \/>\nHR &#8211; 42220 Novi Marof<br \/>\nDragutina Domjani\u0107a 6<\/p>\n            <\/div>\n          <\/div><\/p>\n<\/div>\n<div class=\"col-4\">\n<div class=\"user\">\n            <div class=\"user-image\">\n              <img decoding=\"async\" alt=\"Kristijan Pintari\u0107\" src=\"https:\/\/uter-utrius.hr\/wp-content\/uploads\/2014\/02\/t-02.jpg\">\n            <\/div>\n            <div class=\"user-info\">\n              <h4>Kristijan Pintari\u0107<\/h4>\n              <span class=\"pos\">Logistika i transport<\/span>\n              <div class=\"user-social-profile\">\n                <a href=\"#\"><i class=\"icon-likedin\"><\/i><\/a>\n              <\/div>\n              <p><\/p>\n<p>e-mail:<br \/>\nlogistics@uter-utrius.hr<br \/>\nmob: 00385 91 368 68 08<br \/>\ntel\/fax: 00385 42 611 099<br \/>\nHR &#8211; 42220 Novi Marof<br \/>\nDragutina Domjani\u0107a 6<\/p>\n            <\/div>\n          <\/div><\/p>\n<\/div>\n<div class=\"col-4\">\n<div class=\"user\">\n            <div class=\"user-image\">\n              <img decoding=\"async\" alt=\"Vladimir Miti\u0107\" src=\"https:\/\/uter-utrius.hr\/wp-content\/uploads\/2014\/02\/t-02.jpg\">\n            <\/div>\n            <div class=\"user-info\">\n              <h4>Vladimir Miti\u0107<\/h4>\n              <span class=\"pos\">Logistika i transport<\/span>\n              <div class=\"user-social-profile\">\n                <a href=\"#\"><i class=\"icon-likedin\"><\/i><\/a>\n              <\/div>\n              <p><\/p>\n<p>e-mail:<br \/>\nlogistika@uter-utrius.hr<br \/>\nmob: 00385 91 401 63 63<br \/>\ntel\/fax: 00385 42 611 099<br \/>\nHR &#8211; 42220 Novi Marof<br \/>\nDragutina Domjani\u0107a 6<\/p>\n            <\/div>\n          <\/div><\/p>\n<\/div>\n<div class=\"col-4\">\n<div class=\"user\">\n            <div class=\"user-image\">\n              <img decoding=\"async\" alt=\"Ivona \u017div\u010dec\" src=\"https:\/\/uter-utrius.hr\/wp-content\/uploads\/2014\/02\/t-01.jpg\">\n            <\/div>\n            <div class=\"user-info\">\n              <h4>Ivona \u017div\u010dec<\/h4>\n              <span class=\"pos\">Logistika i transport<\/span>\n              <div class=\"user-social-profile\">\n                <a href=\"#\"><i class=\"icon-likedin\"><\/i><\/a>\n              <\/div>\n              <p><\/p>\n<p>e-mail:<br \/>\nlogistika2@uter-utrius.hr<br \/>\nmob: 00385 91 612 63 63<br \/>\ntel\/fax: 00385 42 611 099<br \/>\nHR &#8211; 42220 Novi Marof<br \/>\nDragutina Domjani\u0107a 6<\/p>\n            <\/div>\n          <\/div><\/p>\n<\/div>\n<div class=\"col-4\">\n<div class=\"user\">\n            <div class=\"user-image\">\n              <img decoding=\"async\" alt=\"Anja Ip\u0161a\" src=\"https:\/\/uter-utrius.hr\/wp-content\/uploads\/2014\/02\/t-01.jpg\">\n            <\/div>\n            <div class=\"user-info\">\n              <h4>Anja Ip\u0161a<\/h4>\n              <span class=\"pos\">Logistika i transport za ma\u0111arske klju\u010dne korisnike<\/span>\n              <div class=\"user-social-profile\">\n                <a href=\"#\"><i class=\"icon-likedin\"><\/i><\/a>\n              <\/div>\n              <p><\/p>\n<p>e-mail:<br \/>\nlogisztika@uter-utrius.hr<br \/>\nmob: 00385 91 401 63 62<br \/>\ntel\/fax: 00385 42 611 099<br \/>\nHR &#8211; 42220 Novi Marof<br \/>\nDragutina Domjani\u0107a 6<\/p>\n            <\/div>\n          <\/div><\/p>\n<\/div>\n<\/div>\n<h4 class=\"top-20 bot-20\">Uter Utrius d.o.o.<\/h4>\n<div class=\"cols\">\n<div class=\"col-3\">\n<\/div>\n<div class=\"col-3\">\n<\/div>\n<div class=\"col-3\">\n<\/div>\n<div class=\"col-3\">\n<\/div>\n<\/div>\n","protected":false},"excerpt":{"rendered":"<p>[tp not_in=&#8221;hu&#8221;] Tko smo ? [\/tp] [tp not_in=&#8221;hr&#8221; tp lang=&#8221;hu&#8221; only=&#8221;y&#8221;] Kik vagyunk? [\/tp] [tp not_in=&#8221;hu&#8221;] Uter Utrius je relativno mlada tvrtka koja je po\u010dela sa radom u sije\u010dnju 2009&#8230;.<\/p>\n","protected":false},"author":1,"featured_media":0,"parent":0,"menu_order":0,"comment_status":"closed","ping_status":"closed","template":"","meta":{"footnotes":""},"class_list":["post-497","page","type-page","status-publish","hentry"],"yoast_head":"<!-- This site is optimized with the Yoast SEO plugin v27.5 - https:\/\/yoast.com\/product\/yoast-seo-wordpress\/ -->\n<title>O nama - Uter Utrius d.o.o.<\/title>\n<meta name=\"robots\" content=\"index, follow, max-snippet:-1, max-image-preview:large, max-video-preview:-1\" \/>\n<link rel=\"canonical\" href=\"https:\/\/uter-utrius.hr\/?page_id=497\" \/>\n<meta property=\"og:locale\" content=\"en_US\" \/>\n<meta property=\"og:type\" content=\"article\" \/>\n<meta property=\"og:title\" content=\"O nama - Uter Utrius d.o.o.\" \/>\n<meta property=\"og:description\" content=\"[tp not_in=&#8221;hu&#8221;] Tko smo ? [\/tp] [tp not_in=&#8221;hr&#8221; tp lang=&#8221;hu&#8221; only=&#8221;y&#8221;] Kik vagyunk? [\/tp] [tp not_in=&#8221;hu&#8221;] Uter Utrius je relativno mlada tvrtka koja je po\u010dela sa radom u sije\u010dnju 2009....\" \/>\n<meta property=\"og:url\" content=\"https:\/\/uter-utrius.hr\/?page_id=497\" \/>\n<meta property=\"og:site_name\" content=\"Uter Utrius d.o.o.\" \/>\n<meta property=\"article:modified_time\" content=\"2021-01-18T16:44:34+00:00\" \/>\n<meta name=\"twitter:label1\" content=\"Est. reading time\" \/>\n\t<meta name=\"twitter:data1\" content=\"5 minutes\" \/>\n<script type=\"application\/ld+json\" class=\"yoast-schema-graph\">{\"@context\":\"https:\\\/\\\/schema.org\",\"@graph\":[{\"@type\":\"WebPage\",\"@id\":\"https:\\\/\\\/uter-utrius.hr\\\/?page_id=497\",\"url\":\"https:\\\/\\\/uter-utrius.hr\\\/?page_id=497\",\"name\":\"O nama - Uter Utrius d.o.o.\",\"isPartOf\":{\"@id\":\"https:\\\/\\\/uter-utrius.hr\\\/#website\"},\"datePublished\":\"2013-10-12T11:34:55+00:00\",\"dateModified\":\"2021-01-18T16:44:34+00:00\",\"breadcrumb\":{\"@id\":\"https:\\\/\\\/uter-utrius.hr\\\/?page_id=497#breadcrumb\"},\"inLanguage\":\"en-US\",\"potentialAction\":[{\"@type\":\"ReadAction\",\"target\":[\"https:\\\/\\\/uter-utrius.hr\\\/?page_id=497\"]}]},{\"@type\":\"BreadcrumbList\",\"@id\":\"https:\\\/\\\/uter-utrius.hr\\\/?page_id=497#breadcrumb\",\"itemListElement\":[{\"@type\":\"ListItem\",\"position\":1,\"name\":\"Po\u010detna stranica\",\"item\":\"https:\\\/\\\/uter-utrius.hr\\\/\"},{\"@type\":\"ListItem\",\"position\":2,\"name\":\"O nama\"}]},{\"@type\":\"WebSite\",\"@id\":\"https:\\\/\\\/uter-utrius.hr\\\/#website\",\"url\":\"https:\\\/\\\/uter-utrius.hr\\\/\",\"name\":\"Uter Utrius d.o.o.\",\"description\":\"Posredni\u0161tvo u prijevozu i trgovini\",\"potentialAction\":[{\"@type\":\"SearchAction\",\"target\":{\"@type\":\"EntryPoint\",\"urlTemplate\":\"https:\\\/\\\/uter-utrius.hr\\\/?s={search_term_string}\"},\"query-input\":{\"@type\":\"PropertyValueSpecification\",\"valueRequired\":true,\"valueName\":\"search_term_string\"}}],\"inLanguage\":\"en-US\"}]}<\/script>\n<!-- \/ Yoast SEO plugin. -->","yoast_head_json":{"title":"O nama - Uter Utrius d.o.o.","robots":{"index":"index","follow":"follow","max-snippet":"max-snippet:-1","max-image-preview":"max-image-preview:large","max-video-preview":"max-video-preview:-1"},"canonical":"https:\/\/uter-utrius.hr\/?page_id=497","og_locale":"en_US","og_type":"article","og_title":"O nama - Uter Utrius d.o.o.","og_description":"[tp not_in=&#8221;hu&#8221;] Tko smo ? [\/tp] [tp not_in=&#8221;hr&#8221; tp lang=&#8221;hu&#8221; only=&#8221;y&#8221;] Kik vagyunk? [\/tp] [tp not_in=&#8221;hu&#8221;] Uter Utrius je relativno mlada tvrtka koja je po\u010dela sa radom u sije\u010dnju 2009....","og_url":"https:\/\/uter-utrius.hr\/?page_id=497","og_site_name":"Uter Utrius d.o.o.","article_modified_time":"2021-01-18T16:44:34+00:00","twitter_misc":{"Est. reading time":"5 minutes"},"schema":{"@context":"https:\/\/schema.org","@graph":[{"@type":"WebPage","@id":"https:\/\/uter-utrius.hr\/?page_id=497","url":"https:\/\/uter-utrius.hr\/?page_id=497","name":"O nama - Uter Utrius d.o.o.","isPartOf":{"@id":"https:\/\/uter-utrius.hr\/#website"},"datePublished":"2013-10-12T11:34:55+00:00","dateModified":"2021-01-18T16:44:34+00:00","breadcrumb":{"@id":"https:\/\/uter-utrius.hr\/?page_id=497#breadcrumb"},"inLanguage":"en-US","potentialAction":[{"@type":"ReadAction","target":["https:\/\/uter-utrius.hr\/?page_id=497"]}]},{"@type":"BreadcrumbList","@id":"https:\/\/uter-utrius.hr\/?page_id=497#breadcrumb","itemListElement":[{"@type":"ListItem","position":1,"name":"Po\u010detna stranica","item":"https:\/\/uter-utrius.hr\/"},{"@type":"ListItem","position":2,"name":"O nama"}]},{"@type":"WebSite","@id":"https:\/\/uter-utrius.hr\/#website","url":"https:\/\/uter-utrius.hr\/","name":"Uter Utrius d.o.o.","description":"Posredni\u0161tvo u prijevozu i trgovini","potentialAction":[{"@type":"SearchAction","target":{"@type":"EntryPoint","urlTemplate":"https:\/\/uter-utrius.hr\/?s={search_term_string}"},"query-input":{"@type":"PropertyValueSpecification","valueRequired":true,"valueName":"search_term_string"}}],"inLanguage":"en-US"}]}},"_links":{"self":[{"href":"https:\/\/uter-utrius.hr\/index.php?rest_route=\/wp\/v2\/pages\/497","targetHints":{"allow":["GET"]}}],"collection":[{"href":"https:\/\/uter-utrius.hr\/index.php?rest_route=\/wp\/v2\/pages"}],"about":[{"href":"https:\/\/uter-utrius.hr\/index.php?rest_route=\/wp\/v2\/types\/page"}],"author":[{"embeddable":true,"href":"https:\/\/uter-utrius.hr\/index.php?rest_route=\/wp\/v2\/users\/1"}],"replies":[{"embeddable":true,"href":"https:\/\/uter-utrius.hr\/index.php?rest_route=%2Fwp%2Fv2%2Fcomments&post=497"}],"version-history":[{"count":43,"href":"https:\/\/uter-utrius.hr\/index.php?rest_route=\/wp\/v2\/pages\/497\/revisions"}],"predecessor-version":[{"id":1131,"href":"https:\/\/uter-utrius.hr\/index.php?rest_route=\/wp\/v2\/pages\/497\/revisions\/1131"}],"wp:attachment":[{"href":"https:\/\/uter-utrius.hr\/index.php?rest_route=%2Fwp%2Fv2%2Fmedia&parent=497"}],"curies":[{"name":"wp","href":"https:\/\/api.w.org\/{rel}","templated":true}]}}